{"id":186,"date":"2022-08-31T20:18:53","date_gmt":"2022-08-31T20:18:53","guid":{"rendered":"https:\/\/croatiatunafishing.com\/?page_id=186"},"modified":"2024-06-04T07:46:28","modified_gmt":"2024-06-04T07:46:28","slug":"about-us","status":"publish","type":"page","link":"https:\/\/croatiatunafishing.com\/de\/about-us\/","title":{"rendered":"\u00dcber uns"},"content":{"rendered":"<p><a href=\"https:\/\/croatiatunafishing.com\/de\/\"><\/a>Kroatien Thunfischfang Angebote <strong>Gro\u00dfwildfang-Charter<\/strong> in ganz Kroatien. Egal, wo Sie sich aufhalten, wir versuchen immer, Ihnen die M\u00f6glichkeit zu bieten, auf diese riesigen Raubfische zu angeln.<\/p><p>Wir sind schon seit Jahren im Thunfischfang t\u00e4tig. Unser \u00e4ltester Kapit\u00e4n hat seinen ersten Thunfisch vor mehr als 35 Jahren gefangen, als der Thunfischfang in Kroatien noch in der Anfangsphase war. Wir haben also eine Menge Erfahrung, was auch durch unsere <strong>zufriedene Kunden<\/strong>, denen wir geholfen haben, den Fisch ihres Lebens zu fangen.<\/p><figure class=\"wp-block-image\"><img decoding=\"async\" src=\"https:\/\/croatiatunafishing.com\/wp-content\/uploads\/tune7.webp\" alt=\"big tuna after a days fishing in Croatia\"\/><figcaption class=\"wp-element-caption\">Frischer Fang von gro\u00dfen Thunfischen!<\/figcaption><\/figure><p>Unser modus operandi ist es, Folgendes anzubieten <strong>Charters f\u00fcr alle<\/strong>. Von Anf\u00e4ngern, die alle Angeltechniken w\u00e4hrend der Reise erlernen und am Ende der Reise beherrschen k\u00f6nnen, bis hin zu erfahrenen Anglern, die vielleicht schon einmal einen gro\u00dfen Thunfisch gefangen haben.<\/p><figure class=\"wp-block-image\"><img decoding=\"async\" src=\"https:\/\/croatiatunafishing.com\/wp-content\/uploads\/tune4.webp\" alt=\"Big game fishing rods on a boat on Adriatic sea\"\/><figcaption class=\"wp-element-caption\">Wir sind schon seit Jahren im Thunfischfang t\u00e4tig.<\/figcaption><\/figure><p>Unsere Fischereikapit\u00e4ne sind alle <strong>erfahrene Angler<\/strong> die mehrere internationale Auszeichnungen f\u00fcr Gro\u00dfwildfischer innehaben, die die \u00f6rtlichen Fanggebiete wie ihre Westentasche kennen und \u00fcber viele Jahre oder sogar Jahrzehnte an Wissen verf\u00fcgen.<\/p><p>Wenn Sie mehr \u00fcber die Kapit\u00e4ne erfahren m\u00f6chten, k\u00f6nnen Sie unsere Website besuchen <a href=\"https:\/\/croatiatunafishing.com\/de\/captains\/?swcfpc=1\">Einf\u00fchrungsseite<\/a>.<\/p><figure class=\"wp-block-image is-resized\"><img decoding=\"async\" src=\"https:\/\/croatiatunafishing.com\/wp-content\/uploads\/tune3.webp\" alt=\"Two big tunas from the Adriatic sea in Croatia \" style=\"width:531px;height:656px\"\/><figcaption class=\"wp-element-caption\">Unsere Fischereikapit\u00e4ne sind alle <strong>erfahrene Angler<\/strong><\/figcaption><\/figure><p>Zu allem \u00dcberfluss steht Ihnen auch noch unser sehr professionelles und <strong>zuverl\u00e4ssige Kundenbetreuung<\/strong> stehen zu Ihrer Verf\u00fcgung, um Ihnen die besten Pl\u00e4ne f\u00fcr Ihre Reise zu erstellen und Ihnen bei der Unterbringung zu helfen. Wir helfen Ihnen auch gerne, indem wir Ihnen die besten Restaurants vor Ort empfehlen, welche Sehensw\u00fcrdigkeiten Sie sehen sollten und was Sie sonst noch an Ihrem Aufenthaltsort unternehmen k\u00f6nnen.<\/p>","protected":false},"excerpt":{"rendered":"<p>Croatia Tuna Fishing bietet Charterfahrten zum Angeln auf Gro\u00dfwild in ganz Kroatien an. Ganz gleich, wo Sie sich aufhalten, wir versuchen immer, Ihnen eine M\u00f6glichkeit zu bieten, auf diese riesigen Raubfische zu angeln. Wir sind schon seit Jahren im Thunfischfang t\u00e4tig. Unser \u00e4ltester Kapit\u00e4n fing seinen ersten Thunfisch vor mehr als 35 Jahren, als Thunfischfang ... <a href=\"https:\/\/croatiatunafishing.com\/de\/about-us\/\">Fortsetzung<\/a><\/p>","protected":false},"author":46,"featured_media":7807,"parent":0,"menu_order":0,"comment_status":"closed","ping_status":"closed","template":"template-about-us.blade.php","meta":{"footnotes":""},"class_list":["post-186","page","type-page","status-publish","has-post-thumbnail","hentry"],"acf":{"page_subheading":"Get to know us!"},"_links":{"self":[{"href":"https:\/\/croatiatunafishing.com\/de\/wp-json\/wp\/v2\/pages\/186","targetHints":{"allow":["GET"]}}],"collection":[{"href":"https:\/\/croatiatunafishing.com\/de\/wp-json\/wp\/v2\/pages"}],"about":[{"href":"https:\/\/croatiatunafishing.com\/de\/wp-json\/wp\/v2\/types\/page"}],"author":[{"embeddable":true,"href":"https:\/\/croatiatunafishing.com\/de\/wp-json\/wp\/v2\/users\/46"}],"replies":[{"embeddable":true,"href":"https:\/\/croatiatunafishing.com\/de\/wp-json\/wp\/v2\/comments?post=186"}],"version-history":[{"count":15,"href":"https:\/\/croatiatunafishing.com\/de\/wp-json\/wp\/v2\/pages\/186\/revisions"}],"predecessor-version":[{"id":8182,"href":"https:\/\/croatiatunafishing.com\/de\/wp-json\/wp\/v2\/pages\/186\/revisions\/8182"}],"wp:featuredmedia":[{"embeddable":true,"href":"https:\/\/croatiatunafishing.com\/de\/wp-json\/wp\/v2\/media\/7807"}],"wp:attachment":[{"href":"https:\/\/croatiatunafishing.com\/de\/wp-json\/wp\/v2\/media?parent=186"}],"curies":[{"name":"wp","href":"https:\/\/api.w.org\/{rel}","templated":true}]}}