{"id":196,"date":"2022-08-31T20:25:42","date_gmt":"2022-08-31T20:25:42","guid":{"rendered":"https:\/\/croatiatunafishing.com\/?page_id=196"},"modified":"2023-08-30T13:35:07","modified_gmt":"2023-08-30T13:35:07","slug":"know-before-you-go","status":"publish","type":"page","link":"https:\/\/croatiatunafishing.com\/de\/know-before-you-go\/","title":{"rendered":"Wissen, bevor Sie gehen"},"content":{"rendered":"<p>Im Folgenden finden Sie einige Tipps, was Sie vor der Reise tun k\u00f6nnen, um alles einfacher und angenehmer zu gestalten, damit Sie bei Ihrer Ankunft nur noch ans Angeln denken.<\/p><p>Wenn Sie sich f\u00fcr Ihre Wunschtermine entschieden haben, <strong>Kontaktieren Sie uns so schnell wie m\u00f6glich<\/strong>Die Anzahl der Angler auf einem Boot ist begrenzt und wir sind in der Regel schon im Voraus ausgebucht, daher sollten Sie nicht bis zur letzten Minute warten.<\/p><figure class=\"wp-block-image\"><img decoding=\"async\" src=\"https:\/\/croatiatunafishing.com\/wp-content\/uploads\/11870634_902414963159691_2270600276688072285_n.webp\" alt=\"Fishing for big tuna from a boat on the Adriatic sea\"\/><\/figure><p>Das Meer kann ziemlich unberechenbar sein, also achten Sie darauf, dass <strong>angemessene Kleidung mitnehmen<\/strong> - warme Kleidung f\u00fcr den Start am fr\u00fchen Morgen und eine Badehose f\u00fcr die hei\u00dfen Temperaturen am Tag. Vergessen Sie nicht, Sonnencreme und Sonnenbrille mitzunehmen.<\/p><p>Sei <strong>p\u00fcnktlich<\/strong>Es ist sehr wichtig, morgens mit dem Angeln zu beginnen, damit man mehr Chancen hat, einen Thunfisch zu fangen.<\/p><p>Schlafen Sie am Vortag ausgiebig. Sie m\u00fcssen sein <strong>Gut ausgeruht<\/strong> und konzentriert sein, um erfolgreich zu sein.<\/p><figure class=\"wp-block-image\"><img decoding=\"async\" src=\"https:\/\/croatiatunafishing.com\/wp-content\/uploads\/fishcathes-3-1.webp\" alt=\"The biggest tuna of the season caught in Croatia\"\/><\/figure><p>Wenn Sie ein <strong>vegetarisch<\/strong>Wenn Sie eine Reise mit uns buchen, teilen Sie uns dies bitte im Voraus mit. Auf diese Weise k\u00f6nnen wir eine passende Mahlzeit f\u00fcr Sie vorbereiten, wenn Sie mit uns auf dem Boot speisen werden.<\/p><p>Wenn Sie <strong>anf\u00e4llig f\u00fcr Seekrankheit<\/strong>Aber es lohnt sich auch, den Kapit\u00e4n darauf aufmerksam zu machen, der Ihnen einen Platz auf dem Schiff zuweist, der weniger von den Wellen betroffen ist.<\/p>","protected":false},"excerpt":{"rendered":"<p>Hier ein paar Tipps, was Sie vor der Reise tun k\u00f6nnen, um alles einfacher und angenehmer zu gestalten, damit Sie bei Ihrer Ankunft nur noch ans Angeln denken. Wenn Sie sich f\u00fcr Ihre Wunschtermine entschieden haben, kontaktieren Sie uns so schnell wie m\u00f6glich, damit wir einen Platz f\u00fcr Sie reservieren ... <a href=\"https:\/\/croatiatunafishing.com\/de\/know-before-you-go\/\">Fortsetzung<\/a><\/p>","protected":false},"author":46,"featured_media":7913,"parent":0,"menu_order":0,"comment_status":"closed","ping_status":"closed","template":"","meta":{"footnotes":""},"class_list":["post-196","page","type-page","status-publish","has-post-thumbnail","hentry"],"acf":{"page_subheading":"Some information about fishing in Croatia that you should know before your vacation, so you can only focus on fishing upon your arrival."},"_links":{"self":[{"href":"https:\/\/croatiatunafishing.com\/de\/wp-json\/wp\/v2\/pages\/196","targetHints":{"allow":["GET"]}}],"collection":[{"href":"https:\/\/croatiatunafishing.com\/de\/wp-json\/wp\/v2\/pages"}],"about":[{"href":"https:\/\/croatiatunafishing.com\/de\/wp-json\/wp\/v2\/types\/page"}],"author":[{"embeddable":true,"href":"https:\/\/croatiatunafishing.com\/de\/wp-json\/wp\/v2\/users\/46"}],"replies":[{"embeddable":true,"href":"https:\/\/croatiatunafishing.com\/de\/wp-json\/wp\/v2\/comments?post=196"}],"version-history":[{"count":3,"href":"https:\/\/croatiatunafishing.com\/de\/wp-json\/wp\/v2\/pages\/196\/revisions"}],"predecessor-version":[{"id":7915,"href":"https:\/\/croatiatunafishing.com\/de\/wp-json\/wp\/v2\/pages\/196\/revisions\/7915"}],"wp:featuredmedia":[{"embeddable":true,"href":"https:\/\/croatiatunafishing.com\/de\/wp-json\/wp\/v2\/media\/7913"}],"wp:attachment":[{"href":"https:\/\/croatiatunafishing.com\/de\/wp-json\/wp\/v2\/media?parent=196"}],"curies":[{"name":"wp","href":"https:\/\/api.w.org\/{rel}","templated":true}]}}