{"id":186,"date":"2022-08-31T20:18:53","date_gmt":"2022-08-31T20:18:53","guid":{"rendered":"https:\/\/croatiatunafishing.com\/?page_id=186"},"modified":"2024-06-04T07:46:28","modified_gmt":"2024-06-04T07:46:28","slug":"about-us","status":"publish","type":"page","link":"https:\/\/croatiatunafishing.com\/fr\/about-us\/","title":{"rendered":"A propos de nous"},"content":{"rendered":"<p><a href=\"https:\/\/croatiatunafishing.com\/fr\/\"><\/a>Offres de p\u00eache au thon en Croatie <strong>charters de p\u00eache au gros<\/strong> dans toute la Croatie. Quel que soit votre lieu de s\u00e9jour, nous essayons toujours de vous offrir la possibilit\u00e9 de p\u00eacher ces pr\u00e9dateurs g\u00e9ants.<\/p><p>Nous sommes dans le secteur de la p\u00eache au thon depuis des ann\u00e9es. Notre capitaine le plus \u00e2g\u00e9 a attrap\u00e9 son premier thon il y a plus de 35 ans, lorsque la p\u00eache au thon en Croatie en \u00e9tait encore \u00e0 ses d\u00e9buts. Nous avons donc beaucoup d'exp\u00e9rience, ce qui est confirm\u00e9 par notre exp\u00e9rience en mati\u00e8re de p\u00eache. <strong>des clients satisfaits<\/strong>que nous avons aid\u00e9s \u00e0 attraper le poisson de leur vie.<\/p><figure class=\"wp-block-image\"><img decoding=\"async\" src=\"https:\/\/croatiatunafishing.com\/wp-content\/uploads\/tune7.webp\" alt=\"big tuna after a days fishing in Croatia\"\/><figcaption class=\"wp-element-caption\">Des thons de grande taille fra\u00eechement p\u00each\u00e9s !<\/figcaption><\/figure><p>Notre modus operandi consiste \u00e0 offrir <strong>des charters pour tous<\/strong>. Des d\u00e9butants, qui peuvent apprendre toutes les techniques de p\u00eache pendant le voyage et ma\u00eetriser le processus \u00e0 la fin de celui-ci, aux p\u00eacheurs plus exp\u00e9riment\u00e9s qui ont peut-\u00eatre d\u00e9j\u00e0 attrap\u00e9 le grand thon.<\/p><figure class=\"wp-block-image\"><img decoding=\"async\" src=\"https:\/\/croatiatunafishing.com\/wp-content\/uploads\/tune4.webp\" alt=\"Big game fishing rods on a boat on Adriatic sea\"\/><figcaption class=\"wp-element-caption\">Nous travaillons dans le secteur de la p\u00eache au thon depuis des ann\u00e9es.<\/figcaption><\/figure><p>Nos capitaines de p\u00eache sont tous <strong>p\u00eacheurs exp\u00e9riment\u00e9s<\/strong> qui d\u00e9tiennent \u00e0 eux tous plusieurs prix internationaux de p\u00eache au gros, connaissent les zones de p\u00eache locales comme le fond de leur poche et ont accumul\u00e9 de nombreuses ann\u00e9es, voire des d\u00e9cennies, de connaissances.<\/p><p>Si vous voulez en savoir plus sur les capitaines, vous pouvez visiter notre site web <a href=\"https:\/\/croatiatunafishing.com\/fr\/captains\/?swcfpc=1\">page d'introduction<\/a>.<\/p><figure class=\"wp-block-image is-resized\"><img decoding=\"async\" src=\"https:\/\/croatiatunafishing.com\/wp-content\/uploads\/tune3.webp\" alt=\"Two big tunas from the Adriatic sea in Croatia \" style=\"width:531px;height:656px\"\/><figcaption class=\"wp-element-caption\">Nos capitaines de p\u00eache sont tous <strong>p\u00eacheurs exp\u00e9riment\u00e9s<\/strong><\/figcaption><\/figure><p>Pour couronner le tout, vous b\u00e9n\u00e9ficierez \u00e9galement de nos services tr\u00e8s professionnels et de nos services d'assistance technique. <strong>un support client fiable<\/strong> \u00e0 votre disposition pour vous fournir les meilleurs plans pour votre voyage et vous aider avec l'h\u00e9bergement. Nous serons \u00e9galement heureux de vous aider en vous recommandant les meilleurs restaurants locaux, les sites \u00e0 voir et les autres activit\u00e9s \u00e0 faire dans votre lieu de s\u00e9jour.<\/p>","protected":false},"excerpt":{"rendered":"<p>Croatia Tuna Fishing propose des charters de p\u00eache au gros dans toute la Croatie. Quel que soit l'endroit o\u00f9 vous s\u00e9journez, nous essayons toujours de vous offrir la possibilit\u00e9 de p\u00eacher ces pr\u00e9dateurs g\u00e9ants. Nous sommes dans le secteur de la p\u00eache au thon depuis des ann\u00e9es. Notre capitaine le plus \u00e2g\u00e9 a attrap\u00e9 son premier thon il y a plus de 35 ans, lorsque la p\u00eache au thon ... <a href=\"https:\/\/croatiatunafishing.com\/fr\/about-us\/\">Suite<\/a><\/p>","protected":false},"author":46,"featured_media":7807,"parent":0,"menu_order":0,"comment_status":"closed","ping_status":"closed","template":"template-about-us.blade.php","meta":{"footnotes":""},"class_list":["post-186","page","type-page","status-publish","has-post-thumbnail","hentry"],"acf":{"page_subheading":"Get to know us!"},"_links":{"self":[{"href":"https:\/\/croatiatunafishing.com\/fr\/wp-json\/wp\/v2\/pages\/186","targetHints":{"allow":["GET"]}}],"collection":[{"href":"https:\/\/croatiatunafishing.com\/fr\/wp-json\/wp\/v2\/pages"}],"about":[{"href":"https:\/\/croatiatunafishing.com\/fr\/wp-json\/wp\/v2\/types\/page"}],"author":[{"embeddable":true,"href":"https:\/\/croatiatunafishing.com\/fr\/wp-json\/wp\/v2\/users\/46"}],"replies":[{"embeddable":true,"href":"https:\/\/croatiatunafishing.com\/fr\/wp-json\/wp\/v2\/comments?post=186"}],"version-history":[{"count":15,"href":"https:\/\/croatiatunafishing.com\/fr\/wp-json\/wp\/v2\/pages\/186\/revisions"}],"predecessor-version":[{"id":8182,"href":"https:\/\/croatiatunafishing.com\/fr\/wp-json\/wp\/v2\/pages\/186\/revisions\/8182"}],"wp:featuredmedia":[{"embeddable":true,"href":"https:\/\/croatiatunafishing.com\/fr\/wp-json\/wp\/v2\/media\/7807"}],"wp:attachment":[{"href":"https:\/\/croatiatunafishing.com\/fr\/wp-json\/wp\/v2\/media?parent=186"}],"curies":[{"name":"wp","href":"https:\/\/api.w.org\/{rel}","templated":true}]}}