{"id":196,"date":"2022-08-31T20:25:42","date_gmt":"2022-08-31T20:25:42","guid":{"rendered":"https:\/\/croatiatunafishing.com\/?page_id=196"},"modified":"2023-08-30T13:35:07","modified_gmt":"2023-08-30T13:35:07","slug":"know-before-you-go","status":"publish","type":"page","link":"https:\/\/croatiatunafishing.com\/fr\/know-before-you-go\/","title":{"rendered":"Savoir avant de partir"},"content":{"rendered":"<p>Voici quelques conseils sur ce que vous pouvez faire avant le voyage lui-m\u00eame pour rendre les choses plus faciles et plus agr\u00e9ables, de sorte qu'une fois arriv\u00e9, vous n'aurez qu'une seule chose en t\u00eate : la p\u00eache.<\/p><p>Lorsque vous d\u00e9cidez des dates que vous souhaitez, <strong>contactez-nous d\u00e8s que possible<\/strong>Le nombre de p\u00eacheurs par bateau est limit\u00e9 et nous sommes g\u00e9n\u00e9ralement complets \u00e0 l'avance, nous vous sugg\u00e9rons donc de ne pas attendre la derni\u00e8re minute.<\/p><figure class=\"wp-block-image\"><img decoding=\"async\" src=\"https:\/\/croatiatunafishing.com\/wp-content\/uploads\/11870634_902414963159691_2270600276688072285_n.webp\" alt=\"Fishing for big tuna from a boat on the Adriatic sea\"\/><\/figure><p>La mer peut \u00eatre assez impr\u00e9visible, alors soyez s\u00fbrs de... <strong>prendre des v\u00eatements appropri\u00e9s<\/strong> - des v\u00eatements chauds pour le d\u00e9part t\u00f4t le matin, et un maillot de bain pour les temp\u00e9ratures chaudes de la journ\u00e9e. N'oubliez pas la cr\u00e8me solaire et les lunettes de soleil.<\/p><p>Soyez <strong>ponctuel<\/strong>il est tr\u00e8s important de commencer \u00e0 p\u00eacher le matin afin d'avoir plus de chances d'attraper un thon.<\/p><p>Dormez bien la veille. Vous devez \u00eatre <strong>bien repos\u00e9<\/strong> et concentr\u00e9 pour r\u00e9ussir.<\/p><figure class=\"wp-block-image\"><img decoding=\"async\" src=\"https:\/\/croatiatunafishing.com\/wp-content\/uploads\/fishcathes-3-1.webp\" alt=\"The biggest tuna of the season caught in Croatia\"\/><\/figure><p>Si vous \u00eates un <strong>v\u00e9g\u00e9tarien<\/strong>Si vous avez l'intention de r\u00e9server un voyage avec nous, faites-le nous savoir \u00e0 l'avance. Nous pourrons ainsi vous pr\u00e9parer un repas adapt\u00e9 si vous d\u00eenez avec nous sur le bateau.<\/p><p>Si vous \u00eates <strong>sujet au mal de mer<\/strong>Les pilules peuvent \u00eatre utiles, mais il est \u00e9galement utile d'en parler au capitaine qui vous assignera un endroit du bateau moins affect\u00e9 par les vagues.<\/p>","protected":false},"excerpt":{"rendered":"<p>Voici quelques conseils sur ce que vous pouvez faire avant le voyage pour rendre les choses plus faciles et plus agr\u00e9ables, de sorte qu'une fois arriv\u00e9, vous ne pensiez plus qu'\u00e0 p\u00eacher. Lorsque vous aurez choisi vos dates, contactez-nous d\u00e8s que possible afin que nous puissions vous r\u00e9server une place... <a href=\"https:\/\/croatiatunafishing.com\/fr\/know-before-you-go\/\">Suite<\/a><\/p>","protected":false},"author":46,"featured_media":7913,"parent":0,"menu_order":0,"comment_status":"closed","ping_status":"closed","template":"","meta":{"footnotes":""},"class_list":["post-196","page","type-page","status-publish","has-post-thumbnail","hentry"],"acf":{"page_subheading":"Some information about fishing in Croatia that you should know before your vacation, so you can only focus on fishing upon your arrival."},"_links":{"self":[{"href":"https:\/\/croatiatunafishing.com\/fr\/wp-json\/wp\/v2\/pages\/196","targetHints":{"allow":["GET"]}}],"collection":[{"href":"https:\/\/croatiatunafishing.com\/fr\/wp-json\/wp\/v2\/pages"}],"about":[{"href":"https:\/\/croatiatunafishing.com\/fr\/wp-json\/wp\/v2\/types\/page"}],"author":[{"embeddable":true,"href":"https:\/\/croatiatunafishing.com\/fr\/wp-json\/wp\/v2\/users\/46"}],"replies":[{"embeddable":true,"href":"https:\/\/croatiatunafishing.com\/fr\/wp-json\/wp\/v2\/comments?post=196"}],"version-history":[{"count":3,"href":"https:\/\/croatiatunafishing.com\/fr\/wp-json\/wp\/v2\/pages\/196\/revisions"}],"predecessor-version":[{"id":7915,"href":"https:\/\/croatiatunafishing.com\/fr\/wp-json\/wp\/v2\/pages\/196\/revisions\/7915"}],"wp:featuredmedia":[{"embeddable":true,"href":"https:\/\/croatiatunafishing.com\/fr\/wp-json\/wp\/v2\/media\/7913"}],"wp:attachment":[{"href":"https:\/\/croatiatunafishing.com\/fr\/wp-json\/wp\/v2\/media?parent=196"}],"curies":[{"name":"wp","href":"https:\/\/api.w.org\/{rel}","templated":true}]}}