{"id":206,"date":"2022-08-31T20:30:10","date_gmt":"2022-08-31T20:30:10","guid":{"rendered":"https:\/\/croatiatunafishing.com\/?page_id=206"},"modified":"2023-08-30T13:36:02","modified_gmt":"2023-08-30T13:36:02","slug":"tuna-fishing-seasons-in-croatia","status":"publish","type":"page","link":"https:\/\/croatiatunafishing.com\/fr\/tuna-fishing-seasons-in-croatia\/","title":{"rendered":"Saisons de p\u00eache au thon en Croatie"},"content":{"rendered":"<p>Il n'y a pas de saison ferm\u00e9e pour la p\u00eache au thon, mais certains mois sont meilleurs que d'autres. \u00c0 certaines p\u00e9riodes de l'ann\u00e9e, la p\u00eache est plus abondante et le temps est plus chaud.<\/p><p>La saison de p\u00eache au thon dure de <strong>Mars \u00e0 d\u00e9cembre<\/strong>avec une courte pause en juin lorsque les poissons fraient.<\/p><p><img fetchpriority=\"high\" decoding=\"async\" width=\"709\" height=\"605\" alt=\"Big game gear for Tuna fishing\" src=\"https:\/\/croatiatunafishing.com\/wp-content\/uploads\/tune2.webp\"><\/p><p>Pendant les mois d'hiver (janvier et f\u00e9vrier), la p\u00eache est plus difficile, car les poissons se trouvent dans les parties plus profondes de l'oc\u00e9an. Ils ne sont pas aussi actifs car le froid ne permet pas \u00e0 leur m\u00e9tabolisme de fonctionner \u00e0 plein r\u00e9gime. Par cons\u00e9quent, c'est g\u00e9n\u00e9ralement la p\u00e9riode de l'ann\u00e9e consacr\u00e9e \u00e0 la pr\u00e9paration des bateaux avant le d\u00e9but de la saison.<\/p><p>En mars, les temp\u00e9ratures remontent et les thons deviennent plus actifs. Affam\u00e9s pendant tout l'hiver, ils ont besoin de se nourrir suffisamment pour se pr\u00e9parer \u00e0 la saison du frai.&nbsp;<\/p><p>\u00c0 partir de la fin mars, la majeure partie de la <strong>le premier pic de p\u00eache de la saison a lieu en avril et mai<\/strong>.<\/p><p>La saison du frai a lieu en juin, ce qui signifie que ce n'est pas la meilleure p\u00e9riode pour p\u00eacher \u00e0 la ligne.<\/p><p>En juillet, la p\u00eache reprend, et le deuxi\u00e8me pic dure jusqu'\u00e0 la fin novembre, avec le <strong>les mois d'automne \u00e9tant la p\u00e9riode la plus propice \u00e0 la capture de gros thons.<\/strong>. Pendant ces jours, les poissons se nourrissent apr\u00e8s la p\u00e9riode de frai et avant les mois d'hiver.<\/p><p><img decoding=\"async\" width=\"469\" height=\"627\" alt=\"Tuna just before being pulled on a boat\" src=\"https:\/\/croatiatunafishing.com\/wp-content\/uploads\/tune13.webp\"><\/p><p>M\u00e9t\u00e9o, le <strong>La meilleure p\u00e9riode pour visiter est entre avril et juin ou septembre et octobre.<\/strong>Les temp\u00e9ratures ne sont pas trop \u00e9lev\u00e9es. Il peut y avoir un peu de pluie, mais cela n'affecte pas la p\u00eache.&nbsp;<\/p><p>Il est possible de le faire m\u00eame \u00e0 la fin de l'automne, vers la fin du mois de novembre, il faut juste \u00eatre pr\u00eat \u00e0 affronter un temps plus frais.<\/p><p>Pendant les mois d'\u00e9t\u00e9 (de juin \u00e0 ao\u00fbt), le tourisme est plus important que d'habitude. En m\u00eame temps, la p\u00eache est plus excitante, avec les \u00e9ventuels spectateurs des yachts qui vous regardent vous battre avec un thon.&nbsp;<\/p><p>Cependant, si vous aimez le calme et la tranquillit\u00e9, le printemps (mars-mai) ou l'automne (septembre-octobre) sont les p\u00e9riodes id\u00e9ales pour un voyage.<\/p><p><img decoding=\"async\" width=\"637\" height=\"655\" alt=\"A shoal of tuna caught from Croatian Adriatic sea\" src=\"https:\/\/croatiatunafishing.com\/wp-content\/uploads\/Vice1.webp\"><\/p><figure class=\"wp-block-table\"><table><tbody><tr><th><\/th><th>temp\u00e9rature de l'eau (\u00b0C)<\/th><th>temp\u00e9rature de l'air (\u00b0C)<\/th><th>vent (km\/h)<\/th><th>pluie (jours)<\/th><th>chances d'attraper (5H-1L)<\/th><\/tr><tr><td>Mars<\/td><td>13<\/td><td>15<\/td><td>12<\/td><td>9<\/td><td>3<\/td><\/tr><tr><td>Avril<\/td><td>15<\/td><td>17<\/td><td>9<\/td><td>10<\/td><td>5<\/td><\/tr><tr><td>Mai<\/td><td>18<\/td><td>23<\/td><td>7<\/td><td>9<\/td><td>5<\/td><\/tr><tr><td>Juin<\/td><td>22<\/td><td>27<\/td><td>5<\/td><td>6<\/td><td>1<\/td><\/tr><tr><td>Juillet<\/td><td>24<\/td><td>30<\/td><td>5<\/td><td>6<\/td><td>4<\/td><\/tr><tr><td>Ao\u00fbt<\/td><td>25<\/td><td>30<\/td><td>8<\/td><td>7<\/td><td>5<\/td><\/tr><tr><td>Septembre<\/td><td>23<\/td><td>25<\/td><td>9<\/td><td>7<\/td><td>5<\/td><\/tr><tr><td>Octobre<\/td><td>20<\/td><td>20<\/td><td>10<\/td><td>8<\/td><td>4<\/td><\/tr><tr><td>Novembre<\/td><td>18<\/td><td>17<\/td><td>10<\/td><td>7<\/td><td>4<\/td><\/tr><tr><td>D\u00e9cembre<\/td><td>16<\/td><td>15<\/td><td>13<\/td><td>11<\/td><td>3<\/td><\/tr><\/tbody><\/table><\/figure>","protected":false},"excerpt":{"rendered":"<p>Il n'y a pas de p\u00e9riode de fermeture pour la p\u00eache au thon, mais certains mois sont meilleurs que d'autres. \u00c0 certaines p\u00e9riodes de l'ann\u00e9e, la p\u00eache est plus abondante et le temps plus chaud. La saison de la p\u00eache au thon s'\u00e9tend de mars \u00e0 d\u00e9cembre, avec une courte pause en juin, au moment du frai. Pendant les mois d'hiver, ... <a href=\"https:\/\/croatiatunafishing.com\/fr\/tuna-fishing-seasons-in-croatia\/\">Suite<\/a><\/p>","protected":false},"author":46,"featured_media":7855,"parent":0,"menu_order":0,"comment_status":"closed","ping_status":"closed","template":"","meta":{"footnotes":""},"class_list":["post-206","page","type-page","status-publish","has-post-thumbnail","hentry"],"acf":{"page_subheading":"Choose the right time of the year for a Big game fishing tour in Croatia and make the most of your day on the sea."},"_links":{"self":[{"href":"https:\/\/croatiatunafishing.com\/fr\/wp-json\/wp\/v2\/pages\/206","targetHints":{"allow":["GET"]}}],"collection":[{"href":"https:\/\/croatiatunafishing.com\/fr\/wp-json\/wp\/v2\/pages"}],"about":[{"href":"https:\/\/croatiatunafishing.com\/fr\/wp-json\/wp\/v2\/types\/page"}],"author":[{"embeddable":true,"href":"https:\/\/croatiatunafishing.com\/fr\/wp-json\/wp\/v2\/users\/46"}],"replies":[{"embeddable":true,"href":"https:\/\/croatiatunafishing.com\/fr\/wp-json\/wp\/v2\/comments?post=206"}],"version-history":[{"count":4,"href":"https:\/\/croatiatunafishing.com\/fr\/wp-json\/wp\/v2\/pages\/206\/revisions"}],"predecessor-version":[{"id":7931,"href":"https:\/\/croatiatunafishing.com\/fr\/wp-json\/wp\/v2\/pages\/206\/revisions\/7931"}],"wp:featuredmedia":[{"embeddable":true,"href":"https:\/\/croatiatunafishing.com\/fr\/wp-json\/wp\/v2\/media\/7855"}],"wp:attachment":[{"href":"https:\/\/croatiatunafishing.com\/fr\/wp-json\/wp\/v2\/media?parent=206"}],"curies":[{"name":"wp","href":"https:\/\/api.w.org\/{rel}","templated":true}]}}