{"id":186,"date":"2022-08-31T20:18:53","date_gmt":"2022-08-31T20:18:53","guid":{"rendered":"https:\/\/croatiatunafishing.com\/?page_id=186"},"modified":"2024-06-04T07:46:28","modified_gmt":"2024-06-04T07:46:28","slug":"about-us","status":"publish","type":"page","link":"https:\/\/croatiatunafishing.com\/it\/about-us\/","title":{"rendered":"Chi siamo"},"content":{"rendered":"<p><a href=\"https:\/\/croatiatunafishing.com\/it\/\"><\/a>Offerte di pesca al tonno in Croazia <strong>charter di pesca big game<\/strong> in tutta la Croazia. Indipendentemente dal luogo di soggiorno, cerchiamo sempre di offrire la possibilit\u00e0 di pescare questi giganteschi predatori.<\/p><p>Siamo nel settore della pesca del tonno da anni. Il nostro capitano pi\u00f9 anziano ha pescato il suo primo tonno pi\u00f9 di 35 anni fa, quando la pesca del tonno in Croazia era ancora nella sua fase iniziale. Abbiamo quindi una grande esperienza, che \u00e8 confermata dalla nostra <strong>clienti soddisfatti<\/strong>che abbiamo aiutato a catturare il pesce della loro vita.<\/p><figure class=\"wp-block-image\"><img decoding=\"async\" src=\"https:\/\/croatiatunafishing.com\/wp-content\/uploads\/tune7.webp\" alt=\"big tuna after a days fishing in Croatia\"\/><figcaption class=\"wp-element-caption\">Catture fresche di grandi tonni!<\/figcaption><\/figure><p>Il nostro modus operandi consiste nell'offrire <strong>charter per tutti<\/strong>. Dai principianti, che possono imparare tutte le tecniche di pesca durante il viaggio e padroneggiarle alla fine, ai pescatori pi\u00f9 esperti che possono aver gi\u00e0 catturato un grosso tonno.<\/p><figure class=\"wp-block-image\"><img decoding=\"async\" src=\"https:\/\/croatiatunafishing.com\/wp-content\/uploads\/tune4.webp\" alt=\"Big game fishing rods on a boat on Adriatic sea\"\/><figcaption class=\"wp-element-caption\">Da anni ci occupiamo di pesca al tonno.<\/figcaption><\/figure><p>I nostri capitani di pesca sono tutti <strong>pescatori esperti<\/strong> che hanno ricevuto diversi premi internazionali per la pesca di grossa taglia, conoscono le zone di pesca locali come il palmo della mano e hanno molti anni o addirittura decenni di conoscenze accumulate.<\/p><p>Se volete saperne di pi\u00f9 sui capitani, potete visitare il nostro sito web <a href=\"https:\/\/croatiatunafishing.com\/it\/captains\/?swcfpc=1\">pagina introduttiva<\/a>.<\/p><figure class=\"wp-block-image is-resized\"><img decoding=\"async\" src=\"https:\/\/croatiatunafishing.com\/wp-content\/uploads\/tune3.webp\" alt=\"Two big tunas from the Adriatic sea in Croatia \" style=\"width:531px;height:656px\"\/><figcaption class=\"wp-element-caption\">I nostri capitani di pesca sono tutti <strong>pescatori esperti<\/strong><\/figcaption><\/figure><p>Per completare il tutto, avrete anche a disposizione il nostro personale professionale e <strong>assistenza clienti affidabile<\/strong> a vostra disposizione per fornirvi i migliori piani per il vostro viaggio e aiutarvi con l'alloggio. Saremo inoltre lieti di aiutarvi consigliandovi i migliori ristoranti locali, le attrazioni da vedere e le altre cose da fare nel vostro luogo di soggiorno.<\/p>","protected":false},"excerpt":{"rendered":"<p>Croatia Tuna Fishing offre charter di pesca grossa in tutta la Croazia. Indipendentemente dal luogo di soggiorno, cerchiamo sempre di offrire la possibilit\u00e0 di pescare questi giganteschi predatori. Siamo nel settore della pesca al tonno da anni. Il nostro capitano pi\u00f9 anziano ha catturato il suo primo tonno pi\u00f9 di 35 anni fa, quando ... <a href=\"https:\/\/croatiatunafishing.com\/it\/about-us\/\">Continua<\/a><\/p>","protected":false},"author":46,"featured_media":7807,"parent":0,"menu_order":0,"comment_status":"closed","ping_status":"closed","template":"template-about-us.blade.php","meta":{"footnotes":""},"class_list":["post-186","page","type-page","status-publish","has-post-thumbnail","hentry"],"acf":{"page_subheading":"Get to know us!"},"_links":{"self":[{"href":"https:\/\/croatiatunafishing.com\/it\/wp-json\/wp\/v2\/pages\/186","targetHints":{"allow":["GET"]}}],"collection":[{"href":"https:\/\/croatiatunafishing.com\/it\/wp-json\/wp\/v2\/pages"}],"about":[{"href":"https:\/\/croatiatunafishing.com\/it\/wp-json\/wp\/v2\/types\/page"}],"author":[{"embeddable":true,"href":"https:\/\/croatiatunafishing.com\/it\/wp-json\/wp\/v2\/users\/46"}],"replies":[{"embeddable":true,"href":"https:\/\/croatiatunafishing.com\/it\/wp-json\/wp\/v2\/comments?post=186"}],"version-history":[{"count":15,"href":"https:\/\/croatiatunafishing.com\/it\/wp-json\/wp\/v2\/pages\/186\/revisions"}],"predecessor-version":[{"id":8182,"href":"https:\/\/croatiatunafishing.com\/it\/wp-json\/wp\/v2\/pages\/186\/revisions\/8182"}],"wp:featuredmedia":[{"embeddable":true,"href":"https:\/\/croatiatunafishing.com\/it\/wp-json\/wp\/v2\/media\/7807"}],"wp:attachment":[{"href":"https:\/\/croatiatunafishing.com\/it\/wp-json\/wp\/v2\/media?parent=186"}],"curies":[{"name":"wp","href":"https:\/\/api.w.org\/{rel}","templated":true}]}}