{"id":196,"date":"2022-08-31T20:25:42","date_gmt":"2022-08-31T20:25:42","guid":{"rendered":"https:\/\/croatiatunafishing.com\/?page_id=196"},"modified":"2023-08-30T13:35:07","modified_gmt":"2023-08-30T13:35:07","slug":"know-before-you-go","status":"publish","type":"page","link":"https:\/\/croatiatunafishing.com\/it\/know-before-you-go\/","title":{"rendered":"Informarsi prima di partire"},"content":{"rendered":"<p>Ecco alcuni consigli su cosa fare prima del viaggio per rendere tutto pi\u00f9 facile e piacevole, in modo che una volta arrivati l'unica cosa a cui pensare sia la pesca.<\/p><p>Quando si decidono le date desiderate, <strong>contattateci il prima possibile<\/strong>Il numero di pescatori su una barca \u00e8 limitato e di solito siamo tutti prenotati in anticipo, quindi vi consigliamo di non aspettare l'ultimo minuto.<\/p><figure class=\"wp-block-image\"><img decoding=\"async\" src=\"https:\/\/croatiatunafishing.com\/wp-content\/uploads\/11870634_902414963159691_2270600276688072285_n.webp\" alt=\"Fishing for big tuna from a boat on the Adriatic sea\"\/><\/figure><p>Il mare pu\u00f2 essere piuttosto imprevedibile, quindi assicuratevi di <strong>portare con s\u00e9 un abbigliamento adeguato<\/strong> - indumenti caldi per la partenza al mattino presto e un costume da bagno per le temperature calde durante il giorno. Non dimenticate la protezione solare e gli occhiali da sole.<\/p><p>Essere <strong>puntuale<\/strong>\u00c8 molto importante iniziare a pescare al mattino per avere pi\u00f9 opportunit\u00e0 di catturare un tonno.<\/p><p>Dormite bene il giorno prima. \u00c8 necessario essere <strong>ben riposato<\/strong> e concentrati per avere successo.<\/p><figure class=\"wp-block-image\"><img decoding=\"async\" src=\"https:\/\/croatiatunafishing.com\/wp-content\/uploads\/fishcathes-3-1.webp\" alt=\"The biggest tuna of the season caught in Croatia\"\/><\/figure><p>Se siete un <strong>vegetariano<\/strong>Se prenotate un'escursione con noi, fatecelo sapere in anticipo. In questo modo potremo preparare un pasto adatto a voi se pranzerete con noi in barca.<\/p><p>Se siete <strong>incline al mal di mare<\/strong>Le pillole possono essere utili, ma vale anche la pena di farlo presente al capitano che vi assegner\u00e0 un posto sulla barca meno colpito dalle onde.<\/p>","protected":false},"excerpt":{"rendered":"<p>Ecco alcuni consigli su cosa fare prima del viaggio per rendere tutto pi\u00f9 facile e piacevole, in modo che una volta arrivati l'unica cosa a cui pensare sia la pesca. Quando decidete le date desiderate, contattateci il prima possibile, in modo da assicurarvi un posto per ... <a href=\"https:\/\/croatiatunafishing.com\/it\/know-before-you-go\/\">Continua<\/a><\/p>","protected":false},"author":46,"featured_media":7913,"parent":0,"menu_order":0,"comment_status":"closed","ping_status":"closed","template":"","meta":{"footnotes":""},"class_list":["post-196","page","type-page","status-publish","has-post-thumbnail","hentry"],"acf":{"page_subheading":"Some information about fishing in Croatia that you should know before your vacation, so you can only focus on fishing upon your arrival."},"_links":{"self":[{"href":"https:\/\/croatiatunafishing.com\/it\/wp-json\/wp\/v2\/pages\/196","targetHints":{"allow":["GET"]}}],"collection":[{"href":"https:\/\/croatiatunafishing.com\/it\/wp-json\/wp\/v2\/pages"}],"about":[{"href":"https:\/\/croatiatunafishing.com\/it\/wp-json\/wp\/v2\/types\/page"}],"author":[{"embeddable":true,"href":"https:\/\/croatiatunafishing.com\/it\/wp-json\/wp\/v2\/users\/46"}],"replies":[{"embeddable":true,"href":"https:\/\/croatiatunafishing.com\/it\/wp-json\/wp\/v2\/comments?post=196"}],"version-history":[{"count":3,"href":"https:\/\/croatiatunafishing.com\/it\/wp-json\/wp\/v2\/pages\/196\/revisions"}],"predecessor-version":[{"id":7915,"href":"https:\/\/croatiatunafishing.com\/it\/wp-json\/wp\/v2\/pages\/196\/revisions\/7915"}],"wp:featuredmedia":[{"embeddable":true,"href":"https:\/\/croatiatunafishing.com\/it\/wp-json\/wp\/v2\/media\/7913"}],"wp:attachment":[{"href":"https:\/\/croatiatunafishing.com\/it\/wp-json\/wp\/v2\/media?parent=196"}],"curies":[{"name":"wp","href":"https:\/\/api.w.org\/{rel}","templated":true}]}}