{"id":206,"date":"2022-08-31T20:30:10","date_gmt":"2022-08-31T20:30:10","guid":{"rendered":"https:\/\/croatiatunafishing.com\/?page_id=206"},"modified":"2023-08-30T13:36:02","modified_gmt":"2023-08-30T13:36:02","slug":"tuna-fishing-seasons-in-croatia","status":"publish","type":"page","link":"https:\/\/croatiatunafishing.com\/it\/tuna-fishing-seasons-in-croatia\/","title":{"rendered":"Stagioni di pesca al tonno in Croazia"},"content":{"rendered":"<p>Non esiste una stagione chiusa per la pesca del tonno, ma alcuni mesi sono migliori di altri. In alcuni periodi dell'anno la pesca \u00e8 pi\u00f9 abbondante e il clima \u00e8 pi\u00f9 caldo.<\/p><p>La stagione di pesca del tonno dura da <strong>Da marzo a dicembre<\/strong>con una breve pausa a giugno, quando i pesci si riproducono.<\/p><p><img fetchpriority=\"high\" decoding=\"async\" width=\"709\" height=\"605\" alt=\"Big game gear for Tuna fishing\" src=\"https:\/\/croatiatunafishing.com\/wp-content\/uploads\/tune2.webp\"><\/p><p>Nei mesi invernali (gennaio e febbraio) la pesca \u00e8 pi\u00f9 difficile, poich\u00e9 i pesci si trovano nelle zone pi\u00f9 profonde dell'oceano. Non sono molto attivi perch\u00e9 il freddo non permette al loro metabolismo di funzionare a pieno ritmo. Pertanto, questo \u00e8 solitamente il periodo dell'anno dedicato alla preparazione delle barche prima dell'inizio della stagione.<\/p><p>A marzo le temperature tornano a salire e i tonni diventano pi\u00f9 attivi. Essendo stati affamati per tutto l'inverno, devono procurarsi cibo a sufficienza per prepararsi alla stagione riproduttiva.&nbsp;<\/p><p>A partire dalla fine di marzo, la maggior parte dei <strong>Il primo picco di pesca della stagione si verifica nei mesi di aprile e maggio.<\/strong>.<\/p><p>La stagione della deposizione delle uova avviene nel mese di giugno, il che significa che non \u00e8 il momento migliore per scegliere di pescare.<\/p><p>A luglio si torna a pescare e il secondo picco si protrae fino alla fine di novembre, con il <strong>I mesi autunnali sono il periodo pi\u00f9 adatto per la cattura di grandi tonni.<\/strong>. Durante questi giorni, i pesci si nutrono dopo la stagione riproduttiva e prima dei mesi invernali.<\/p><p><img decoding=\"async\" width=\"469\" height=\"627\" alt=\"Tuna just before being pulled on a boat\" src=\"https:\/\/croatiatunafishing.com\/wp-content\/uploads\/tune13.webp\"><\/p><p>Dal punto di vista meteorologico, il <strong>Il periodo migliore per visitarlo \u00e8 tra aprile e giugno o tra settembre e ottobre.<\/strong>, poich\u00e9 non fa troppo caldo. Pu\u00f2 capitare che piova, ma non influisce sulla pesca.&nbsp;<\/p><p>\u00c8 possibile anche nei mesi tardo autunnali, verso la fine di novembre, basta essere preparati a un clima pi\u00f9 fresco.<\/p><p>Durante i mesi estivi (da giugno ad agosto), il turismo \u00e8 pi\u00f9 intenso del solito. Allo stesso tempo, la pesca \u00e8 pi\u00f9 emozionante, con possibili spettatori dagli yacht che vi guardano combattere con un tonno.&nbsp;<\/p><p>Tuttavia, se amate la pace e la tranquillit\u00e0, la primavera (marzo-maggio) o l'autunno (settembre-ottobre) sono i periodi perfetti per un viaggio.<\/p><p><img decoding=\"async\" width=\"637\" height=\"655\" alt=\"A shoal of tuna caught from Croatian Adriatic sea\" src=\"https:\/\/croatiatunafishing.com\/wp-content\/uploads\/Vice1.webp\"><\/p><figure class=\"wp-block-table\"><table><tbody><tr><th><\/th><th>temperatura dell'acqua (\u00b0C)<\/th><th>temperatura dell'aria (\u00b0C)<\/th><th>vento (km\/h)<\/th><th>pioggia (giorni)<\/th><th>possibilit\u00e0 di cattura (5H-1L)<\/th><\/tr><tr><td>Marzo<\/td><td>13<\/td><td>15<\/td><td>12<\/td><td>9<\/td><td>3<\/td><\/tr><tr><td>Aprile<\/td><td>15<\/td><td>17<\/td><td>9<\/td><td>10<\/td><td>5<\/td><\/tr><tr><td>Maggio<\/td><td>18<\/td><td>23<\/td><td>7<\/td><td>9<\/td><td>5<\/td><\/tr><tr><td>Giugno<\/td><td>22<\/td><td>27<\/td><td>5<\/td><td>6<\/td><td>1<\/td><\/tr><tr><td>Luglio<\/td><td>24<\/td><td>30<\/td><td>5<\/td><td>6<\/td><td>4<\/td><\/tr><tr><td>Agosto<\/td><td>25<\/td><td>30<\/td><td>8<\/td><td>7<\/td><td>5<\/td><\/tr><tr><td>Settembre<\/td><td>23<\/td><td>25<\/td><td>9<\/td><td>7<\/td><td>5<\/td><\/tr><tr><td>Ottobre<\/td><td>20<\/td><td>20<\/td><td>10<\/td><td>8<\/td><td>4<\/td><\/tr><tr><td>Novembre<\/td><td>18<\/td><td>17<\/td><td>10<\/td><td>7<\/td><td>4<\/td><\/tr><tr><td>Dicembre<\/td><td>16<\/td><td>15<\/td><td>13<\/td><td>11<\/td><td>3<\/td><\/tr><\/tbody><\/table><\/figure>","protected":false},"excerpt":{"rendered":"<p>Non esiste una stagione chiusa per la pesca del tonno, ma alcuni mesi sono migliori di altri. In alcuni periodi dell'anno la pesca \u00e8 pi\u00f9 abbondante e il clima \u00e8 pi\u00f9 caldo. La stagione della pesca al tonno va da marzo a dicembre, con una breve pausa a giugno, quando i pesci si riproducono. Nei mesi invernali ... <a href=\"https:\/\/croatiatunafishing.com\/it\/tuna-fishing-seasons-in-croatia\/\">Continua<\/a><\/p>","protected":false},"author":46,"featured_media":7855,"parent":0,"menu_order":0,"comment_status":"closed","ping_status":"closed","template":"","meta":{"footnotes":""},"class_list":["post-206","page","type-page","status-publish","has-post-thumbnail","hentry"],"acf":{"page_subheading":"Choose the right time of the year for a Big game fishing tour in Croatia and make the most of your day on the sea."},"_links":{"self":[{"href":"https:\/\/croatiatunafishing.com\/it\/wp-json\/wp\/v2\/pages\/206","targetHints":{"allow":["GET"]}}],"collection":[{"href":"https:\/\/croatiatunafishing.com\/it\/wp-json\/wp\/v2\/pages"}],"about":[{"href":"https:\/\/croatiatunafishing.com\/it\/wp-json\/wp\/v2\/types\/page"}],"author":[{"embeddable":true,"href":"https:\/\/croatiatunafishing.com\/it\/wp-json\/wp\/v2\/users\/46"}],"replies":[{"embeddable":true,"href":"https:\/\/croatiatunafishing.com\/it\/wp-json\/wp\/v2\/comments?post=206"}],"version-history":[{"count":4,"href":"https:\/\/croatiatunafishing.com\/it\/wp-json\/wp\/v2\/pages\/206\/revisions"}],"predecessor-version":[{"id":7931,"href":"https:\/\/croatiatunafishing.com\/it\/wp-json\/wp\/v2\/pages\/206\/revisions\/7931"}],"wp:featuredmedia":[{"embeddable":true,"href":"https:\/\/croatiatunafishing.com\/it\/wp-json\/wp\/v2\/media\/7855"}],"wp:attachment":[{"href":"https:\/\/croatiatunafishing.com\/it\/wp-json\/wp\/v2\/media?parent=206"}],"curies":[{"name":"wp","href":"https:\/\/api.w.org\/{rel}","templated":true}]}}